{"id":10962,"date":"2024-03-09T19:09:59","date_gmt":"2024-03-09T18:09:59","guid":{"rendered":"https:\/\/staging.fahrschule-abgefahrn.de\/imprint\/"},"modified":"2025-03-11T16:53:29","modified_gmt":"2025-03-11T15:53:29","slug":"imprint","status":"publish","type":"page","link":"https:\/\/staging.fahrschule-abgefahrn.de\/en\/imprint\/","title":{"rendered":"Imprint"},"content":{"rendered":"<h1>Imprint<\/h1>\n<p>Hashtag Driving School Abgefahrn GmbH Ellerstra\u00dfe 53<\/p>\n<p><span style=\"background-color: rgba(255, 255, 255, 0); color: var(--body_typography-color); font-family: var(--body_typography-font-family); font-size: var(--body_typography-font-size); font-style: var(--body_typography-font-style,normal); font-weight: var(--body_typography-font-weight); letter-spacing: var(--body_typography-letter-spacing);\">40227 D\u00fcsseldorf<\/span><\/p>\n<p>Telefon: 0211 41 60 91 12<br \/>\n<span style=\"background-color: rgba(255, 255, 255, 0); color: var(--body_typography-color); font-family: var(--body_typography-font-family); font-size: var(--body_typography-font-size); font-style: var(--body_typography-font-style,normal); font-weight: var(--body_typography-font-weight); letter-spacing: var(--body_typography-letter-spacing);\">E-Mail: info@staging.fahrschule-abgefahrn.de<\/span><\/p>\n<p>Tax office: D\u00fcsseldorf<\/p>\n<p><span style=\"background-color: rgba(255, 255, 255, 0); color: var(--body_typography-color); font-family: var(--body_typography-font-family); font-size: var(--body_typography-font-size); font-style: var(--body_typography-font-style,normal); font-weight: var(--body_typography-font-weight); letter-spacing: var(--body_typography-letter-spacing);\">VAT ID No.: DE293386626<br \/>\n<\/span><span style=\"background-color: rgba(255, 255, 255, 0); color: var(--body_typography-color); font-family: var(--body_typography-font-family); font-size: var(--body_typography-font-size); font-style: var(--body_typography-font-style,normal); font-weight: var(--body_typography-font-weight); letter-spacing: var(--body_typography-letter-spacing);\">Register: D\u00fcsseldorf Local Court<br \/>\n<\/span><\/p>\n<p><span style=\"background-color: rgba(255, 255, 255, 0); color: var(--body_typography-color); font-family: var(--body_typography-font-family); font-size: var(--body_typography-font-size); font-style: var(--body_typography-font-style,normal); font-weight: var(--body_typography-font-weight); letter-spacing: var(--body_typography-letter-spacing);\">Reg.-Nr.: HRB 11437<\/span><\/p>\n<p>Gesch\u00e4ftsf\u00fchrer: K. Zariouh Inhaltlich verantwortlich gem\u00e4\u00df \u00a75 TMG: K. Zariouh Zust\u00e4ndige Aufsichtsbeh\u00f6rden: Stra\u00dfenverkehrsamt D\u00fcsseldorf, Fahrlehrerstelle <span style=\"background-color: rgba(255, 255, 255, 0); color: var(--body_typography-color); font-family: var(--body_typography-font-family); font-size: var(--body_typography-font-size); font-style: var(--body_typography-font-style,normal); font-weight: var(--body_typography-font-weight); letter-spacing: var(--body_typography-letter-spacing);\">Gesetzliche Berufsbezeichnung: Fahrlehrer<br \/>\n<\/span><span style=\"background-color: rgba(255, 255, 255, 0); color: var(--body_typography-color); font-family: var(--body_typography-font-family); font-size: var(--body_typography-font-size); font-style: var(--body_typography-font-style,normal); font-weight: var(--body_typography-font-weight); letter-spacing: var(--body_typography-letter-spacing);\">Verliehen wurde die Berufsbezeichnung in: Deutschland<br \/>\n<\/span><span style=\"background-color: rgba(255, 255, 255, 0); color: var(--body_typography-color); font-family: var(--body_typography-font-family); font-size: var(--body_typography-font-size); font-style: var(--body_typography-font-style,normal); font-weight: var(--body_typography-font-weight); letter-spacing: var(--body_typography-letter-spacing);\">Gesetzliche Betriebsbezeichnung: Fahrschule<br \/>\n<\/span><span style=\"background-color: rgba(255, 255, 255, 0); color: var(--body_typography-color); font-family: var(--body_typography-font-family); font-size: var(--body_typography-font-size); font-style: var(--body_typography-font-style,normal); font-weight: var(--body_typography-font-weight); letter-spacing: var(--body_typography-letter-spacing);\">Verliehen wurde die Betriebserlaubnis in: Deutschland<br \/>\n<\/span><span style=\"background-color: rgba(255, 255, 255, 0); color: var(--body_typography-color); font-family: var(--body_typography-font-family); font-size: var(--body_typography-font-size); font-style: var(--body_typography-font-style,normal); font-weight: var(--body_typography-font-weight); letter-spacing: var(--body_typography-letter-spacing);\">die Fahrschulerlaubnis von: Stra\u00dfenverkehrsamt D\u00fcsseldorf, Fahrlehrerstelle<\/span> Berufsrechtliche Regelungen: Fahrlehrergesetz (FahrlG)<\/p>\n<p><span style=\"background-color: rgba(255, 255, 255, 0); color: var(--body_typography-color); font-family: var(--body_typography-font-family); font-size: var(--body_typography-font-size); font-style: var(--body_typography-font-style,normal); font-weight: var(--body_typography-font-weight); letter-spacing: var(--body_typography-letter-spacing);\">https:\/\/www.gesetze-im-internet.de<\/span><\/p>\n<p>Purpose of this web project: Information about the driving license classes, the <span style=\"background-color: rgba(255, 255, 255, 0); color: var(--body_typography-color); font-family: var(--body_typography-font-family); font-size: var(--body_typography-font-size); font-style: var(--body_typography-font-style,normal); font-weight: var(--body_typography-font-weight); letter-spacing: var(--body_typography-letter-spacing);\">training to acquire a driving license class <\/span><span style=\"background-color: rgba(255, 255, 255, 0); color: var(--body_typography-color); font-family: var(--body_typography-font-family); font-size: var(--body_typography-font-size); font-style: var(--body_typography-font-style,normal); font-weight: var(--body_typography-font-weight); letter-spacing: var(--body_typography-letter-spacing);\">Information about Fahrschule Abgefahrn GmbH<\/span> Area of responsibility: The imprint and the disclaimer <span style=\"background-color: rgba(255, 255, 255, 0); color: var(--body_typography-color); font-family: var(--body_typography-font-family); font-size: var(--body_typography-font-size); font-style: var(--body_typography-font-style,normal); font-weight: var(--body_typography-font-weight); letter-spacing: var(--body_typography-letter-spacing);\">apply to the websites: staging.fahrschule-abgefahrn.de <\/span>In accordance with the Federal Data Protection Act, here \u00a7 28 BDSG, I expressly object to any commercial use and disclosure of my data. I do not give permission or authorization to change and\/or pass on data, images or other information or to publish or arrange for publication in any other way. Disclaimer: As a content provider, Fahrschule Abgefahrn GmbH is responsible for its \u201cown content\u201d, which it makes available for use, in accordance with general legislation. Cross-references (\u201clinks\u201d) to content provided by other providers are to be distinguished from this own content. Fahrschule Abgefahrn GmbH is only responsible for these external contents if it has positive knowledge of them (i.e. also of illegal or punishable contents) and if it is technically possible and reasonable for it to prevent their use (\u00a7 5 para. 2 TDG). Links\u201d are always \u2018living\u2019 (dynamic) references. Although Fahrschule Abgefahrn GmbH has checked the external content for possible civil or criminal liability when the link was first created, it is not obliged to constantly check the content to which it refers in its offer for changes that could give rise to new responsibility. Only if it establishes or is informed by others that a specific offer to which it has provided a link triggers civil or criminal liability will it remove the link to this offer, insofar as this is technically possible and reasonable for it to do so. The technical possibility and reasonableness is not influenced by the fact that the illegal or punishable offer can be accessed from other servers even after access from the homepage of Fahrschule Abgefahrn GmbH has been prevented. Scope of data protection This data protection declaration informs users about the type, scope and purpose of the collection and use of personal data by the responsible provider (Fahrschule Abgefahrn GmbH, Ellerstra\u00dfe 53, 40227 D\u00fcsseldorf, phone: 0211 41 60 91 12, e-mail: info@staging.fahrschule-abgefahrn.de) on this website (hereinafter referred to as \u201coffer\u201d). The legal basis for data protection can be found in the Federal Data Protection Act (BDSG) and the Telemedia Act (TMG).<\/p>\n<p>Access data\/ server log files<\/p>\n<p>The provider (or its web space provider) collects data about every access to the website (so-called server log files). The access data includes:<\/p>\n<p>Name of the website accessed, file, date and time of access, amount of data transferred, notification of successful access, browser type and version, the user&#8217;s operating system, referrer URL (the previously visited page), IP address and the requesting provider.<\/p>\n<p>The provider uses the log data only for statistical evaluations for the purpose of operation, security and optimization of the offer. However, the provider reserves the right to check the log data retrospectively if there is a justified suspicion of unlawful use based on concrete evidence.<\/p>\n<p>Handling of personal data<\/p>\n<p>Personal data is information that can be used to identify a person, i.e. information that can be traced back to a person. This includes the name, e-mail address or telephone number. But data about preferences, hobbies, memberships or which websites someone has viewed also count as personal data.<\/p>\n<p>Personal data is only collected, used and passed on by the provider if this is permitted by law or if the user consents to the collection of data.<\/p>\n<p>Contact us<\/p>\n<p>When contacting the provider (e.g. via contact form or e-mail), the user&#8217;s details are stored for the purpose of processing the inquiry and in the event that follow-up questions arise.<\/p>\n<p>Comments and contributions<\/p>\n<p>When users leave comments in the blog or other posts, their IP addresses are stored. This is done for the security of the provider in case someone writes illegal content in comments and posts (insults, prohibited political propaganda, etc.). In this case, the provider itself can be prosecuted for the comment or contribution and is therefore interested in the identity of the author.<\/p>\n<p>Integration of third-party services and content<\/p>\n<p>It may happen that third-party content, such as videos from YouTube, maps from Google Maps, RSS feeds or graphics from other websites are integrated into this online offering. This always presupposes that the providers of this content (hereinafter referred to as \u201cthird-party providers\u201d) are aware of the IP address of the user. Because without the IP address, they would not be able to send the content to the browser of the respective user. The IP address is therefore required to display this content. We endeavor to only use content whose respective providers only use the IP address to deliver the content. However, we have no influence if the third-party providers store the IP address, e.g. for statistical purposes. As far as we are aware, we will inform users of this.<\/p>\n<p>Use of Facebook social plugins<\/p>\n<p>This website uses social plugins (\u201cplugins\u201d) from the social network facebook.com, which is operated by Facebook Ireland Ltd, 4 Grand Canal Square, Grand Canal Harbour, Dublin 2, Ireland (\u201cFacebook\u201d). The plugins can be recognized by one of the Facebook logos (white \u201cf\u201d on a blue tile, the terms \u201cLike\u201d, \u201cGef\u00e4llt mir\u201d or a \u201cthumbs up\u201d sign) or are marked with the addition \u201cFacebook Social Plugin\u201d. The list and appearance of Facebook social plugins can be viewed here: https:\/\/developers.facebook.com\/docs\/plugins\/.<\/p>\n<p>When a user accesses a website of this offer that contains such a plugin, their browser establishes a direct connection with the Facebook servers. The content of the plugin is transmitted by Facebook directly to your browser, which integrates it into the website. The provider therefore has no influence on the scope of the data that Facebook collects with the help of this plugin and therefore informs users according to its level of knowledge:<\/p>\n<p>By integrating the plugins, Facebook receives the information that a user has accessed the corresponding page of the website. If the user is logged in to Facebook, Facebook can assign the visit to their Facebook account. When users interact with the plugins, for example by clicking the Like button or posting a comment, the corresponding information is transmitted directly from your browser to Facebook and stored there. If a user is not a member of Facebook, it is still possible for Facebook to find out and store their IP address. According to Facebook, only an anonymized IP address is stored in Germany.<\/p>\n<p>The purpose and scope of the data collection and the further processing and use of the data by Facebook as well as the related rights and setting options to protect the privacy of users can be found in Facebook&#8217;s data protection information: https:\/\/www.facebook.com\/about\/privacy\/.<\/p>\n<p>If a user is a Facebook member and does not want Facebook to collect data about them via this website and link it to their membership data stored on Facebook, they must log out of Facebook before visiting the website. Further settings and objections to the use of data for advertising purposes are possible within the Facebook profile settings: https:\/\/www.facebook.com\/settings?tab=ads.<\/p>\n<p>Revocation, amendments, corrections and updates<\/p>\n<p>The user has the right, upon request and free of charge, to receive information about the personal data stored about him\/her. In addition, the user has the right to rectification of incorrect data, blocking and erasure of their personal data, insofar as this does not conflict with any statutory retention obligation.<\/p>\n<p>Disclaimer from www.Juraforum.de &#8211; Legal portal with lawyer search<\/p>\n","protected":false},"excerpt":{"rendered":"<p>Imprint Hashtag Driving School Abgefahrn GmbH Ellerstra\u00dfe 53 40227 D\u00fcsseldorf Telefon: 0211 41 60 91 12 E-Mail: info@staging.fahrschule-abgefahrn.de Tax office: D\u00fcsseldorf VAT ID No.: DE293386626 Register: D\u00fcsseldorf Local Court Reg.-Nr.: HRB 11437 Gesch\u00e4ftsf\u00fchrer: K. Zariouh Inhaltlich verantwortlich gem\u00e4\u00df \u00a75 TMG: K. Zariouh Zust\u00e4ndige Aufsichtsbeh\u00f6rden: Stra\u00dfenverkehrsamt D\u00fcsseldorf, Fahrlehrerstelle Gesetzliche Berufsbezeichnung: Fahrlehrer Verliehen wurde die Berufsbezeichnung in: [&hellip;]<\/p>\n","protected":false},"author":1,"featured_media":0,"parent":0,"menu_order":0,"comment_status":"closed","ping_status":"closed","template":"","meta":{"footnotes":""},"class_list":["post-10962","page","type-page","status-publish","hentry"],"yoast_head":"<!-- This site is optimized with the Yoast SEO plugin v26.1.1 - https:\/\/yoast.com\/wordpress\/plugins\/seo\/ -->\n<title>Imprint I Driving school Abgefahrn D\u00fcsseldorf<\/title>\n<meta name=\"description\" content=\"Imprint: Find out more about our driving school and the people responsible. Here you will find our contact details and legal information.\" \/>\n<meta name=\"robots\" content=\"noindex, follow, max-snippet:-1, max-image-preview:large, max-video-preview:-1\" \/>\n<meta property=\"og:locale\" content=\"en_US\" \/>\n<meta property=\"og:type\" content=\"article\" \/>\n<meta property=\"og:title\" content=\"Imprint I Driving school Abgefahrn D\u00fcsseldorf\" \/>\n<meta property=\"og:description\" content=\"Imprint: Find out more about our driving school and the people responsible. Here you will find our contact details and legal information.\" \/>\n<meta property=\"og:url\" content=\"https:\/\/staging.fahrschule-abgefahrn.de\/impressum\/\" \/>\n<meta property=\"og:site_name\" content=\"Fahrschule Abgefahrn\u00ae\" \/>\n<meta property=\"article:publisher\" content=\"https:\/\/www.facebook.com\/Fahrschuleabgefahrn\" \/>\n<meta property=\"article:modified_time\" content=\"2025-03-11T15:53:29+00:00\" \/>\n<meta property=\"og:image\" content=\"https:\/\/staging.fahrschule-abgefahrn.de\/wp-content\/uploads\/2022\/06\/fahrschule-abgefahrn-fahrzeug4.jpg\" \/>\n\t<meta property=\"og:image:width\" content=\"1000\" \/>\n\t<meta property=\"og:image:height\" content=\"750\" \/>\n\t<meta property=\"og:image:type\" content=\"image\/jpeg\" \/>\n<meta name=\"twitter:card\" content=\"summary_large_image\" \/>\n<meta name=\"twitter:label1\" content=\"Est. reading time\" \/>\n\t<meta name=\"twitter:data1\" content=\"8 minutes\" \/>\n<script type=\"application\/ld+json\" class=\"yoast-schema-graph\">{\"@context\":\"https:\/\/schema.org\",\"@graph\":[{\"@type\":\"WebPage\",\"@id\":\"https:\/\/staging.fahrschule-abgefahrn.de\/impressum\/\",\"url\":\"https:\/\/staging.fahrschule-abgefahrn.de\/impressum\/\",\"name\":\"Imprint I Driving school Abgefahrn D\u00fcsseldorf\",\"isPartOf\":{\"@id\":\"https:\/\/staging.fahrschule-abgefahrn.de\/#website\"},\"datePublished\":\"2024-03-09T18:09:59+00:00\",\"dateModified\":\"2025-03-11T15:53:29+00:00\",\"description\":\"Imprint: Find out more about our driving school and the people responsible. Here you will find our contact details and legal information.\",\"breadcrumb\":{\"@id\":\"https:\/\/staging.fahrschule-abgefahrn.de\/impressum\/#breadcrumb\"},\"inLanguage\":\"en-US\",\"potentialAction\":[{\"@type\":\"ReadAction\",\"target\":[\"https:\/\/staging.fahrschule-abgefahrn.de\/impressum\/\"]}]},{\"@type\":\"BreadcrumbList\",\"@id\":\"https:\/\/staging.fahrschule-abgefahrn.de\/impressum\/#breadcrumb\",\"itemListElement\":[{\"@type\":\"ListItem\",\"position\":1,\"name\":\"Startseite\",\"item\":\"https:\/\/staging.fahrschule-abgefahrn.de\/\"},{\"@type\":\"ListItem\",\"position\":2,\"name\":\"Imprint\"}]},{\"@type\":\"WebSite\",\"@id\":\"https:\/\/staging.fahrschule-abgefahrn.de\/#website\",\"url\":\"https:\/\/staging.fahrschule-abgefahrn.de\/\",\"name\":\"Fahrschule Abgefahrn\",\"description\":\"Die begehrteste Fahrschule in D\u00fcsseldorf\",\"publisher\":{\"@id\":\"https:\/\/staging.fahrschule-abgefahrn.de\/#organization\"},\"alternateName\":\"Fahrschule Abgefahrn\",\"potentialAction\":[{\"@type\":\"SearchAction\",\"target\":{\"@type\":\"EntryPoint\",\"urlTemplate\":\"https:\/\/staging.fahrschule-abgefahrn.de\/?s={search_term_string}\"},\"query-input\":{\"@type\":\"PropertyValueSpecification\",\"valueRequired\":true,\"valueName\":\"search_term_string\"}}],\"inLanguage\":\"en-US\"},{\"@type\":\"Organization\",\"@id\":\"https:\/\/staging.fahrschule-abgefahrn.de\/#organization\",\"name\":\"Fahrschule Abgefahrn\",\"alternateName\":\"Fahrschule Abgefahrn GMBH\",\"url\":\"https:\/\/staging.fahrschule-abgefahrn.de\/\",\"logo\":{\"@type\":\"ImageObject\",\"inLanguage\":\"en-US\",\"@id\":\"https:\/\/staging.fahrschule-abgefahrn.de\/#\/schema\/logo\/image\/\",\"url\":\"https:\/\/staging.fahrschule-abgefahrn.de\/wp-content\/uploads\/2022\/06\/fahrschule-abgefahrn-mobil.png\",\"contentUrl\":\"https:\/\/staging.fahrschule-abgefahrn.de\/wp-content\/uploads\/2022\/06\/fahrschule-abgefahrn-mobil.png\",\"width\":650,\"height\":429,\"caption\":\"Fahrschule Abgefahrn\"},\"image\":{\"@id\":\"https:\/\/staging.fahrschule-abgefahrn.de\/#\/schema\/logo\/image\/\"},\"sameAs\":[\"https:\/\/www.facebook.com\/Fahrschuleabgefahrn\",\"https:\/\/www.instagram.com\/fahrschule_abgefahrn\/\",\"https:\/\/www.youtube.com\/channel\/UCECNCGm2Ia-QIPwkaSDDJyA\"]}]}<\/script>\n<!-- \/ Yoast SEO plugin. -->","yoast_head_json":{"title":"Imprint I Driving school Abgefahrn D\u00fcsseldorf","description":"Imprint: Find out more about our driving school and the people responsible. Here you will find our contact details and legal information.","robots":{"index":"noindex","follow":"follow","max-snippet":"max-snippet:-1","max-image-preview":"max-image-preview:large","max-video-preview":"max-video-preview:-1"},"og_locale":"en_US","og_type":"article","og_title":"Imprint I Driving school Abgefahrn D\u00fcsseldorf","og_description":"Imprint: Find out more about our driving school and the people responsible. Here you will find our contact details and legal information.","og_url":"https:\/\/staging.fahrschule-abgefahrn.de\/impressum\/","og_site_name":"Fahrschule Abgefahrn\u00ae","article_publisher":"https:\/\/www.facebook.com\/Fahrschuleabgefahrn","article_modified_time":"2025-03-11T15:53:29+00:00","og_image":[{"width":1000,"height":750,"url":"https:\/\/staging.fahrschule-abgefahrn.de\/wp-content\/uploads\/2022\/06\/fahrschule-abgefahrn-fahrzeug4.jpg","type":"image\/jpeg"}],"twitter_card":"summary_large_image","twitter_misc":{"Est. reading time":"8 minutes"},"schema":{"@context":"https:\/\/schema.org","@graph":[{"@type":"WebPage","@id":"https:\/\/staging.fahrschule-abgefahrn.de\/impressum\/","url":"https:\/\/staging.fahrschule-abgefahrn.de\/impressum\/","name":"Imprint I Driving school Abgefahrn D\u00fcsseldorf","isPartOf":{"@id":"https:\/\/staging.fahrschule-abgefahrn.de\/#website"},"datePublished":"2024-03-09T18:09:59+00:00","dateModified":"2025-03-11T15:53:29+00:00","description":"Imprint: Find out more about our driving school and the people responsible. Here you will find our contact details and legal information.","breadcrumb":{"@id":"https:\/\/staging.fahrschule-abgefahrn.de\/impressum\/#breadcrumb"},"inLanguage":"en-US","potentialAction":[{"@type":"ReadAction","target":["https:\/\/staging.fahrschule-abgefahrn.de\/impressum\/"]}]},{"@type":"BreadcrumbList","@id":"https:\/\/staging.fahrschule-abgefahrn.de\/impressum\/#breadcrumb","itemListElement":[{"@type":"ListItem","position":1,"name":"Startseite","item":"https:\/\/staging.fahrschule-abgefahrn.de\/"},{"@type":"ListItem","position":2,"name":"Imprint"}]},{"@type":"WebSite","@id":"https:\/\/staging.fahrschule-abgefahrn.de\/#website","url":"https:\/\/staging.fahrschule-abgefahrn.de\/","name":"Fahrschule Abgefahrn","description":"Die begehrteste Fahrschule in D\u00fcsseldorf","publisher":{"@id":"https:\/\/staging.fahrschule-abgefahrn.de\/#organization"},"alternateName":"Fahrschule Abgefahrn","potentialAction":[{"@type":"SearchAction","target":{"@type":"EntryPoint","urlTemplate":"https:\/\/staging.fahrschule-abgefahrn.de\/?s={search_term_string}"},"query-input":{"@type":"PropertyValueSpecification","valueRequired":true,"valueName":"search_term_string"}}],"inLanguage":"en-US"},{"@type":"Organization","@id":"https:\/\/staging.fahrschule-abgefahrn.de\/#organization","name":"Fahrschule Abgefahrn","alternateName":"Fahrschule Abgefahrn GMBH","url":"https:\/\/staging.fahrschule-abgefahrn.de\/","logo":{"@type":"ImageObject","inLanguage":"en-US","@id":"https:\/\/staging.fahrschule-abgefahrn.de\/#\/schema\/logo\/image\/","url":"https:\/\/staging.fahrschule-abgefahrn.de\/wp-content\/uploads\/2022\/06\/fahrschule-abgefahrn-mobil.png","contentUrl":"https:\/\/staging.fahrschule-abgefahrn.de\/wp-content\/uploads\/2022\/06\/fahrschule-abgefahrn-mobil.png","width":650,"height":429,"caption":"Fahrschule Abgefahrn"},"image":{"@id":"https:\/\/staging.fahrschule-abgefahrn.de\/#\/schema\/logo\/image\/"},"sameAs":["https:\/\/www.facebook.com\/Fahrschuleabgefahrn","https:\/\/www.instagram.com\/fahrschule_abgefahrn\/","https:\/\/www.youtube.com\/channel\/UCECNCGm2Ia-QIPwkaSDDJyA"]}]}},"_links":{"self":[{"href":"https:\/\/staging.fahrschule-abgefahrn.de\/en\/wp-json\/wp\/v2\/pages\/10962","targetHints":{"allow":["GET"]}}],"collection":[{"href":"https:\/\/staging.fahrschule-abgefahrn.de\/en\/wp-json\/wp\/v2\/pages"}],"about":[{"href":"https:\/\/staging.fahrschule-abgefahrn.de\/en\/wp-json\/wp\/v2\/types\/page"}],"author":[{"embeddable":true,"href":"https:\/\/staging.fahrschule-abgefahrn.de\/en\/wp-json\/wp\/v2\/users\/1"}],"replies":[{"embeddable":true,"href":"https:\/\/staging.fahrschule-abgefahrn.de\/en\/wp-json\/wp\/v2\/comments?post=10962"}],"version-history":[{"count":0,"href":"https:\/\/staging.fahrschule-abgefahrn.de\/en\/wp-json\/wp\/v2\/pages\/10962\/revisions"}],"wp:attachment":[{"href":"https:\/\/staging.fahrschule-abgefahrn.de\/en\/wp-json\/wp\/v2\/media?parent=10962"}],"curies":[{"name":"wp","href":"https:\/\/api.w.org\/{rel}","templated":true}]}}